{"id":49,"date":"2025-03-13T08:06:05","date_gmt":"2025-03-13T08:06:05","guid":{"rendered":"https:\/\/www.la-tessitrice-essenziale.it\/?page_id=49"},"modified":"2025-03-24T16:36:45","modified_gmt":"2025-03-24T16:36:45","slug":"chi-sono","status":"publish","type":"page","link":"https:\/\/www.la-tessitrice-essenziale.it\/index.php\/chi-sono\/","title":{"rendered":"Chi Sono"},"content":{"rendered":"\t\t<div data-elementor-type=\"wp-page\" data-elementor-id=\"49\" class=\"elementor elementor-49\">\n\t\t\t\t<div class=\"elementor-element elementor-element-8dbbad3 e-flex e-con-boxed e-con e-parent\" data-id=\"8dbbad3\" data-element_type=\"container\" data-settings=\"{&quot;background_background&quot;:&quot;gradient&quot;}\">\n\t\t\t\t\t<div class=\"e-con-inner\">\n\t\t\t\t<div class=\"elementor-element elementor-element-57029a1 elementor-widget elementor-widget-image\" data-id=\"57029a1\" data-element_type=\"widget\" data-widget_type=\"image.default\">\n\t\t\t\t<div class=\"elementor-widget-container\">\n\t\t\t\t\t\t\t\t\t\t\t\t\t\t\t<img fetchpriority=\"high\" decoding=\"async\" width=\"466\" height=\"570\" src=\"https:\/\/www.la-tessitrice-essenziale.it\/wp-content\/uploads\/2025\/03\/Manu-Verticale.png\" class=\"attachment-large size-large wp-image-330\" alt=\"Benvenuta Essenza\" srcset=\"https:\/\/www.la-tessitrice-essenziale.it\/wp-content\/uploads\/2025\/03\/Manu-Verticale.png 466w, https:\/\/www.la-tessitrice-essenziale.it\/wp-content\/uploads\/2025\/03\/Manu-Verticale-245x300.png 245w\" sizes=\"(max-width: 466px) 100vw, 466px\" \/>\t\t\t\t\t\t\t\t\t\t\t\t\t\t\t<\/div>\n\t\t\t\t<\/div>\n\t\t\t\t<div class=\"elementor-element elementor-element-8f13354 elementor-widget elementor-widget-pix-text\" data-id=\"8f13354\" data-element_type=\"widget\" data-widget_type=\"pix-text.default\">\n\t\t\t\t<div class=\"elementor-widget-container\">\n\t\t\t\t\t<div class=\"pix-el-text w-100 text-center \" ><p class=\"text-20 resp-option text-secondary text-center font-weight-bold\" >Il mio Intento<\/p><\/div>\t\t\t\t<\/div>\n\t\t\t\t<\/div>\n\t\t\t\t<div class=\"elementor-element elementor-element-5548dcf elementor-widget__width-initial elementor-widget elementor-widget-text-editor\" data-id=\"5548dcf\" data-element_type=\"widget\" data-widget_type=\"text-editor.default\">\n\t\t\t\t<div class=\"elementor-widget-container\">\n\t\t\t\t\t\t\t\t\t<p>Il mio intento \u00e8 ispirarti e guidarti nel creare una vita e un business che siano il riflesso vivo della tua <strong>Missione come Essenza<\/strong>.<br \/>Uno spazio che ti nutra su ogni livello \u2014 spirituale, emotivo, mentale e pratico \u2014 e che ti permetta di vivere radicata nella tua verit\u00e0, facendo il lavoro che ami, portando il tuo impatto nel mondo in modo naturale e autentico.<\/p>\n<p>Non si tratta solo di realizzare un\u2019attivit\u00e0, ma di <strong>ritrovare la via verso te stessa<\/strong>.<br \/>Il mio intento \u00e8 ricordarti che il tuo posto esiste gi\u00e0, che la tua voce ha un senso profondo, e che il tuo business pu\u00f2 essere un <strong>campo sacro<\/strong> in cui incarnare chi sei.<\/p>\t\t\t\t\t\t\t\t<\/div>\n\t\t\t\t<\/div>\n\t\t\t\t\t<\/div>\n\t\t\t\t<\/div>\n\t\t\t\t<section class=\"elementor-section elementor-top-section elementor-element elementor-element-61069387 elementor-section-stretched elementor-section-boxed elementor-section-height-default elementor-section-height-default\" data-id=\"61069387\" data-element_type=\"section\" data-settings=\"{&quot;stretch_section&quot;:&quot;section-stretched&quot;,&quot;background_background&quot;:&quot;slideshow&quot;,&quot;background_slideshow_gallery&quot;:[{&quot;id&quot;:276,&quot;url&quot;:&quot;https:\\\/\\\/www.la-tessitrice-essenziale.it\\\/wp-content\\\/uploads\\\/2025\\\/03\\\/La-Tessitrice-Essenziale.png&quot;}],&quot;background_slideshow_loop&quot;:&quot;yes&quot;,&quot;background_slideshow_slide_duration&quot;:5000,&quot;background_slideshow_slide_transition&quot;:&quot;fade&quot;,&quot;background_slideshow_transition_duration&quot;:500}\">\n\t\t\t\t\t\t\t<div class=\"elementor-background-overlay\"><\/div>\n\t\t\t\t\t\t\t<div class=\"elementor-container elementor-column-gap-default\">\n\t\t\t\t\t<div class=\"elementor-column elementor-col-100 elementor-top-column elementor-element elementor-element-53d37678\" data-id=\"53d37678\" data-element_type=\"column\" data-settings=\"{&quot;background_background&quot;:&quot;slideshow&quot;,&quot;background_slideshow_gallery&quot;:[],&quot;background_slideshow_loop&quot;:&quot;yes&quot;,&quot;background_slideshow_slide_duration&quot;:5000,&quot;background_slideshow_slide_transition&quot;:&quot;fade&quot;,&quot;background_slideshow_transition_duration&quot;:500}\">\n\t\t\t<div class=\"elementor-widget-wrap elementor-element-populated\">\n\t\t\t\t\t\t<div class=\"elementor-element elementor-element-3c3bc260 elementor-invisible elementor-widget elementor-widget-pix-badge\" data-id=\"3c3bc260\" data-element_type=\"widget\" data-widget_type=\"pix-badge.default\">\n\t\t\t\t<div class=\"elementor-widget-container\">\n\t\t\t\t\t<span class=\"pix-badge-element h6 d-inline-flex mr-1 animate-in\" data-anim-type=\"fade-in-up\" data-anim-delay=\"0\"><span class=\"badge font-weight-bold  bg-dark-opacity-2  pix-px-10\" style=\" \"><span class=\"text-white\" style=\"\"><\/span><\/span><\/span>\t\t\t\t<\/div>\n\t\t\t\t<\/div>\n\t\t\t\t<div class=\"elementor-element elementor-element-32f26a8d elementor-widget elementor-widget-pix-sliding-text\" data-id=\"32f26a8d\" data-element_type=\"widget\" data-widget_type=\"pix-sliding-text.default\">\n\t\t\t\t<div class=\"elementor-widget-container\">\n\t\t\t\t\t<div id=\"el-32f26a8d\" class=\"mb-3 text-left \"><div class=\"d-inline-block\" style=\"max-width:800px;\"><h1 class=\"mb-32 pix-sliding-headline-2 animate-in font-weight-bold secondary-font \" data-anim-type=\"pix-sliding-text\" pix-anim-delay=\"500\" data-class=\"secondary-font text-white\" style=\"\"><span class=\"slide-in-container \"><span class=\"pix-sliding-item secondary-font text-white\" style=\"transition-delay: 0ms;\">Il&#32;<\/span><\/span> <span class=\"slide-in-container \"><span class=\"pix-sliding-item secondary-font text-white\" style=\"transition-delay: 150ms;\">mio&#32;<\/span><\/span> <span class=\"slide-in-container \"><span class=\"pix-sliding-item secondary-font text-white\" style=\"transition-delay: 300ms;\">Intento&#32;<\/span><\/span> <\/h1><\/div><\/div>\t\t\t\t<\/div>\n\t\t\t\t<\/div>\n\t\t\t\t<div class=\"elementor-element elementor-element-29a9da87 elementor-widget__width-initial elementor-invisible elementor-widget elementor-widget-pix-feature-list\" data-id=\"29a9da87\" data-element_type=\"widget\" data-widget_type=\"pix-feature-list.default\">\n\t\t\t\t<div class=\"elementor-widget-container\">\n\t\t\t\t\t<div id=\"accordion-2a792451ef36800becaf82f97db88526\" class=\"w-100  \" ><div class=\"py-2 animate-in\" data-anim-type=\"fade-in-up\" data-anim-delay=\"600\"><div class=\"pix-feature-list text-18       py-2 d-flex align-items-center\" ><div class=\"d-inline-flex align-items-center pix-mr-10 text-white\" style=\"font-size:1.2em;position:relative;line-height:1em;text-align:center;\"><svg class=\"pixfort-icon \" width=\"24\" height=\"24\"  data-name=\"Duotone\/pixfort-icon-check-circle-1\" viewBox=\"2 2 20 20\"><g fill=\"none\" fill-rule=\"evenodd\"><path fill=\"var(--pf-icon-color)\" fill-opacity=\".25\" d=\"M12,2 C6.4771525,2 2,6.4771525 2,12 C2,17.5228475 6.4771525,22 12,22 C17.5228475,22 22,17.5228475 22,12 C22,6.4771525 17.5228475,2 12,2 Z\"\/><path fill=\"var(--pf-icon-color)\" d=\"M15.2928932,8.29289322 C15.6834175,7.90236893 16.3165825,7.90236893 16.7071068,8.29289322 C17.0976311,8.68341751 17.0976311,9.31658249 16.7071068,9.70710678 L11.2071068,15.2071068 C10.8165825,15.5976311 10.1834175,15.5976311 9.79289322,15.2071068 L7.29289322,12.7071068 C6.90236893,12.3165825 6.90236893,11.6834175 7.29289322,11.2928932 C7.68341751,10.9023689 8.31658249,10.9023689 8.70710678,11.2928932 L10.5,13.085 L15.2928932,8.29289322 Z\"\/><\/g><\/svg><\/div><span class=\"text-white\">Il mio intento \u00e8 ispirarti e guidarti nel creare una vita e un business che siano il riflesso vivo della tua Missione come Essenza<\/span><\/div><div class=\"pix-feature-list text-18       py-2 d-flex align-items-center\" ><div class=\"d-inline-flex align-items-center pix-mr-10 text-white\" style=\"font-size:1.2em;position:relative;line-height:1em;text-align:center;\"><svg class=\"pixfort-icon \" width=\"24\" height=\"24\"  data-name=\"Duotone\/pixfort-icon-check-circle-1\" viewBox=\"2 2 20 20\"><g fill=\"none\" fill-rule=\"evenodd\"><path fill=\"var(--pf-icon-color)\" fill-opacity=\".25\" d=\"M12,2 C6.4771525,2 2,6.4771525 2,12 C2,17.5228475 6.4771525,22 12,22 C17.5228475,22 22,17.5228475 22,12 C22,6.4771525 17.5228475,2 12,2 Z\"\/><path fill=\"var(--pf-icon-color)\" d=\"M15.2928932,8.29289322 C15.6834175,7.90236893 16.3165825,7.90236893 16.7071068,8.29289322 C17.0976311,8.68341751 17.0976311,9.31658249 16.7071068,9.70710678 L11.2071068,15.2071068 C10.8165825,15.5976311 10.1834175,15.5976311 9.79289322,15.2071068 L7.29289322,12.7071068 C6.90236893,12.3165825 6.90236893,11.6834175 7.29289322,11.2928932 C7.68341751,10.9023689 8.31658249,10.9023689 8.70710678,11.2928932 L10.5,13.085 L15.2928932,8.29289322 Z\"\/><\/g><\/svg><\/div><span class=\"text-white\">Uno spazio che ti nutra su ogni livello \u2014 spirituale, emotivo, mentale e pratico \u2014 e che ti permetta di vivere radicata nella tua verit\u00e0, facendo il lavoro che ami, portando il tuo impatto nel mondo in modo naturale e autentico.<\/span><\/div><div class=\"pix-feature-list text-18       py-2 d-flex align-items-center\" ><div class=\"d-inline-flex align-items-center pix-mr-10 text-white\" style=\"font-size:1.2em;position:relative;line-height:1em;text-align:center;\"><svg class=\"pixfort-icon \" width=\"24\" height=\"24\"  data-name=\"Duotone\/pixfort-icon-check-circle-1\" viewBox=\"2 2 20 20\"><g fill=\"none\" fill-rule=\"evenodd\"><path fill=\"var(--pf-icon-color)\" fill-opacity=\".25\" d=\"M12,2 C6.4771525,2 2,6.4771525 2,12 C2,17.5228475 6.4771525,22 12,22 C17.5228475,22 22,17.5228475 22,12 C22,6.4771525 17.5228475,2 12,2 Z\"\/><path fill=\"var(--pf-icon-color)\" d=\"M15.2928932,8.29289322 C15.6834175,7.90236893 16.3165825,7.90236893 16.7071068,8.29289322 C17.0976311,8.68341751 17.0976311,9.31658249 16.7071068,9.70710678 L11.2071068,15.2071068 C10.8165825,15.5976311 10.1834175,15.5976311 9.79289322,15.2071068 L7.29289322,12.7071068 C6.90236893,12.3165825 6.90236893,11.6834175 7.29289322,11.2928932 C7.68341751,10.9023689 8.31658249,10.9023689 8.70710678,11.2928932 L10.5,13.085 L15.2928932,8.29289322 Z\"\/><\/g><\/svg><\/div><span class=\"text-white\">Non si tratta solo di realizzare un\u2019attivit\u00e0, ma di ritrovare la via verso te stessa. Il mio intento \u00e8 ricordarti che il tuo posto esiste gi\u00e0, che la tua voce ha un senso profondo, e che il tuo business pu\u00f2 essere un Spazio sacro in cui incarnare chi sei.<\/span><\/div><\/div><\/div>\t\t\t\t<\/div>\n\t\t\t\t<\/div>\n\t\t\t\t\t<\/div>\n\t\t<\/div>\n\t\t\t\t\t<\/div>\n\t\t<\/section>\n\t\t<div class=\"elementor-element elementor-element-9e9edff e-con-full e-flex e-con e-parent\" data-id=\"9e9edff\" data-element_type=\"container\">\n\t\t\t\t<div class=\"elementor-element elementor-element-6fec8bd elementor-widget elementor-widget-pix-text\" data-id=\"6fec8bd\" data-element_type=\"widget\" data-widget_type=\"pix-text.default\">\n\t\t\t\t<div class=\"elementor-widget-container\">\n\t\t\t\t\t<div class=\"pix-el-text w-100 text-center \" ><p class=\"resp-option text-center \"><h1>Benvenuta Essenza, io sono Manola<\/h1><\/p><\/div>\t\t\t\t<\/div>\n\t\t\t\t<\/div>\n\t\t\t\t<\/div>\n\t\t<div class=\"elementor-element elementor-element-891d49e e-con-full e-flex e-con e-parent\" data-id=\"891d49e\" data-element_type=\"container\">\n\t\t\t\t<div class=\"elementor-element elementor-element-c12abd2 elementor-widget elementor-widget-pix-text\" data-id=\"c12abd2\" data-element_type=\"widget\" data-widget_type=\"pix-text.default\">\n\t\t\t\t<div class=\"elementor-widget-container\">\n\t\t\t\t\t<div class=\"pix-el-text w-100 text-center \" ><div class=\"d-inline-block\" style=\"max-width:700px;\"><p class=\"resp-option text-center \"><p><strong>Credo in un business<\/strong> che non nasce da strategie imposte, ma dal cuore della tua verit\u00e0.<br \/>Un business che non si costruisce a forza di fare, ma che emerge quando impari a essere pienamente te stessa.<\/p>\n<p>La mia visione \u00e8 accompagnarti a riconoscere la tua <strong>Essenza<\/strong> e permetterle di guidare ogni aspetto della tua vita e della tua attivit\u00e0.<\/p>\n<p>Per me, <strong>creare<\/strong> non \u00e8 mai solo un\u2019azione esterna: \u00e8 un atto sacro, un movimento interiore, un ritorno al centro.<\/p>\n<p>Ogni percorso che offro \u00e8 un invito a rientrare in contatto con ci\u00f2 che sei veramente, a lasciare che la tua energia faccia da guida, e a manifestare uno spazio professionale che ti rappresenti, ti sostenga e ti espanda.<\/p>\n<p><strong>Questo \u00e8 ci\u00f2 che chiamo Business Evolutivo:<\/strong><br \/>non una strategia, ma una frequenza.<br \/>Non un metodo rigido, ma un campo in cui la tua anima pu\u00f2 respirare.<\/p><\/p><\/div><\/div>\t\t\t\t<\/div>\n\t\t\t\t<\/div>\n\t\t\t\t<\/div>\n\t\t<div class=\"elementor-element elementor-element-734eb14 e-flex e-con-boxed e-con e-parent\" data-id=\"734eb14\" data-element_type=\"container\" data-settings=\"{&quot;background_background&quot;:&quot;gradient&quot;}\">\n\t\t\t\t\t<div class=\"e-con-inner\">\n\t\t<div class=\"elementor-element elementor-element-b71b18b e-con-full e-flex e-con e-child\" data-id=\"b71b18b\" data-element_type=\"container\">\n\t\t\t\t<div class=\"elementor-element elementor-element-24737d0 elementor-widget elementor-widget-heading\" data-id=\"24737d0\" data-element_type=\"widget\" data-widget_type=\"heading.default\">\n\t\t\t\t<div class=\"elementor-widget-container\">\n\t\t\t\t\t<h2 class=\"elementor-heading-title elementor-size-default\">Un cammino tra luce e ombra<\/h2>\t\t\t\t<\/div>\n\t\t\t\t<\/div>\n\t\t\t\t<div class=\"elementor-element elementor-element-de34df3 elementor-widget elementor-widget-text-editor\" data-id=\"de34df3\" data-element_type=\"widget\" data-widget_type=\"text-editor.default\">\n\t\t\t\t<div class=\"elementor-widget-container\">\n\t\t\t\t\t\t\t\t\t<p>Per molto tempo ho sentito di non avere un posto.<br \/>Mi guardavo attorno e vedevo persone seguire strade lineari, mentre io mi muovevo tra passioni intense e blocchi invisibili, cercando un senso che non fosse solo logico.<\/p>\n<p>Dentro di me sapevo di avere qualcosa da offrire\u2026<br \/>ma fuori, mi sentivo <strong>confusa, frammentata, spesso fuori luogo.<\/strong><br \/>Ho vissuto perdite che mi hanno spezzata, esperienze che mi hanno tolto il fiato e costretto a fermarmi.<br \/>Non avevo una guida. E ogni volta che provavo a costruire qualcosa \u201ccome si deve\u201d, sentivo di allontanarmi da me.<\/p>\n<p>Ma la mia Essenza non ha mai smesso di chiamarmi.<br \/>Fin da bambina, sono stata attratta da ci\u00f2 che non si vede ma si sente.<br \/>Il mio avvicinamento al mondo spirituale non \u00e8 stato una fase\u2026 \u00e8 stato <strong>un ritorno naturale a casa<\/strong>.<br \/>Per me, la <strong>magia<\/strong> \u00e8 sempre stata questo: <em>una profonda conoscenza di me stessa<\/em>.<\/p>\n<p>Per oltre trent\u2019anni ho attraversato saperi, strumenti, culture.<br \/>Dall\u2019Astrologia alla Numerologia, dalla Cabala ai Tarocchi, dal Human Design alle Gene Keys.<br \/>Passando per il Reiki, i Chakra, la fisica Quantistica, attraversando la spiritualit\u00e0 delle antiche tradizioni.<br \/>Scoprendo erbe, cristalli, oli essenziali, <strong>frequenze e vibrazioni<\/strong> che oggi sento e uso come alleate quotidiane.<br \/>Non per collezionare conoscenze, ma per <strong>disfare i veli e ricordare la mia Essenza.<\/strong><\/p>\n<p>E a un certo punto ho compreso: <strong>non dovevo pi\u00f9 cercare fuori. Dovevo ricordare dentro.<\/strong><\/p>\n<p>Quello che oggi condivido non \u00e8 un metodo.<br \/>\u00c8 la mia stessa tessitura. \u00c8 il filo che ho seguito per ritrovare me stessa.<br \/>E che ora tengo tra le dita per chi sente il richiamo a fare lo stesso.<\/p>\t\t\t\t\t\t\t\t<\/div>\n\t\t\t\t<\/div>\n\t\t\t\t<\/div>\n\t\t<div class=\"elementor-element elementor-element-06d93d2 e-con-full e-flex e-con e-child\" data-id=\"06d93d2\" data-element_type=\"container\">\n\t\t\t\t<div class=\"elementor-element elementor-element-29dcd1b elementor-widget elementor-widget-image\" data-id=\"29dcd1b\" data-element_type=\"widget\" data-widget_type=\"image.default\">\n\t\t\t\t<div class=\"elementor-widget-container\">\n\t\t\t\t\t\t\t\t\t\t\t\t\t\t\t<img decoding=\"async\" width=\"640\" height=\"479\" src=\"https:\/\/www.la-tessitrice-essenziale.it\/wp-content\/uploads\/2025\/03\/photo_22_2025-03-16_15-23-24-1024x766.jpg\" class=\"attachment-large size-large wp-image-322\" alt=\"Manola Galliani\" srcset=\"https:\/\/www.la-tessitrice-essenziale.it\/wp-content\/uploads\/2025\/03\/photo_22_2025-03-16_15-23-24-1024x766.jpg 1024w, https:\/\/www.la-tessitrice-essenziale.it\/wp-content\/uploads\/2025\/03\/photo_22_2025-03-16_15-23-24-300x225.jpg 300w, https:\/\/www.la-tessitrice-essenziale.it\/wp-content\/uploads\/2025\/03\/photo_22_2025-03-16_15-23-24-768x575.jpg 768w, https:\/\/www.la-tessitrice-essenziale.it\/wp-content\/uploads\/2025\/03\/photo_22_2025-03-16_15-23-24-600x450.jpg 600w, https:\/\/www.la-tessitrice-essenziale.it\/wp-content\/uploads\/2025\/03\/photo_22_2025-03-16_15-23-24.jpg 1280w\" sizes=\"(max-width: 640px) 100vw, 640px\" \/>\t\t\t\t\t\t\t\t\t\t\t\t\t\t\t<\/div>\n\t\t\t\t<\/div>\n\t\t\t\t<\/div>\n\t\t\t\t\t<\/div>\n\t\t\t\t<\/div>\n\t\t\t\t<\/div>\n\t\t","protected":false},"excerpt":{"rendered":"<p>Il mio Intento Il mio intento \u00e8 ispirarti e guidarti nel creare una vita e un business che siano il riflesso vivo della tua Missione come Essenza.Uno spazio che ti nutra su ogni livello \u2014 spirituale, emotivo, mentale e pratico&#8230;<\/p>\n","protected":false},"author":1,"featured_media":0,"parent":0,"menu_order":0,"comment_status":"closed","ping_status":"closed","template":"elementor_header_footer","meta":{"footnotes":""},"class_list":["post-49","page","type-page","status-publish","hentry"],"_links":{"self":[{"href":"https:\/\/www.la-tessitrice-essenziale.it\/index.php\/wp-json\/wp\/v2\/pages\/49","targetHints":{"allow":["GET"]}}],"collection":[{"href":"https:\/\/www.la-tessitrice-essenziale.it\/index.php\/wp-json\/wp\/v2\/pages"}],"about":[{"href":"https:\/\/www.la-tessitrice-essenziale.it\/index.php\/wp-json\/wp\/v2\/types\/page"}],"author":[{"embeddable":true,"href":"https:\/\/www.la-tessitrice-essenziale.it\/index.php\/wp-json\/wp\/v2\/users\/1"}],"replies":[{"embeddable":true,"href":"https:\/\/www.la-tessitrice-essenziale.it\/index.php\/wp-json\/wp\/v2\/comments?post=49"}],"version-history":[{"count":70,"href":"https:\/\/www.la-tessitrice-essenziale.it\/index.php\/wp-json\/wp\/v2\/pages\/49\/revisions"}],"predecessor-version":[{"id":348,"href":"https:\/\/www.la-tessitrice-essenziale.it\/index.php\/wp-json\/wp\/v2\/pages\/49\/revisions\/348"}],"wp:attachment":[{"href":"https:\/\/www.la-tessitrice-essenziale.it\/index.php\/wp-json\/wp\/v2\/media?parent=49"}],"curies":[{"name":"wp","href":"https:\/\/api.w.org\/{rel}","templated":true}]}}